{"id":136,"date":"2024-07-03T13:09:16","date_gmt":"2024-07-03T13:09:16","guid":{"rendered":"https:\/\/mindfulactionpathways.com\/?page_id=136"},"modified":"2024-10-05T13:04:33","modified_gmt":"2024-10-05T13:04:33","slug":"programs","status":"publish","type":"page","link":"https:\/\/mindfulactionpathways.com\/es\/programs\/","title":{"rendered":"Programs"},"content":{"rendered":"<div data-elementor-type=\"wp-page\" data-elementor-id=\"136\" class=\"elementor elementor-136\" data-elementor-post-type=\"page\">\n\t\t\t\t<div class=\"elementor-element elementor-element-4eef29e2 e-flex e-con-boxed e-con e-parent\" data-id=\"4eef29e2\" data-element_type=\"container\" data-settings=\"{&quot;background_background&quot;:&quot;classic&quot;}\">\n\t\t\t\t\t<div class=\"e-con-inner\">\n\t\t<div class=\"elementor-element elementor-element-2a667847 e-con-full e-flex e-con e-child\" data-id=\"2a667847\" data-element_type=\"container\">\n\t\t\t\t<div class=\"elementor-element elementor-element-920e807 elementor-widget elementor-widget-heading\" data-id=\"920e807\" data-element_type=\"widget\" data-widget_type=\"heading.default\">\n\t\t\t\t<div class=\"elementor-widget-container\">\n\t\t\t\t\t<span class=\"elementor-heading-title elementor-size-default\">PROGRAMAS<\/span>\t\t\t\t<\/div>\n\t\t\t\t<\/div>\n\t\t\t\t<div class=\"elementor-element elementor-element-2f11240b elementor-widget elementor-widget-heading\" data-id=\"2f11240b\" data-element_type=\"widget\" data-widget_type=\"heading.default\">\n\t\t\t\t<div class=\"elementor-widget-container\">\n\t\t\t\t\t<h1 class=\"elementor-heading-title elementor-size-default\">Servicios Individuales<\/h1>\t\t\t\t<\/div>\n\t\t\t\t<\/div>\n\t\t\t\t<div class=\"elementor-element elementor-element-8fd934e elementor-widget-divider--view-line elementor-widget elementor-widget-divider\" data-id=\"8fd934e\" data-element_type=\"widget\" data-widget_type=\"divider.default\">\n\t\t\t\t<div class=\"elementor-widget-container\">\n\t\t\t\t\t\t\t<div class=\"elementor-divider\">\n\t\t\t<span class=\"elementor-divider-separator\">\n\t\t\t\t\t\t<\/span>\n\t\t<\/div>\n\t\t\t\t\t\t<\/div>\n\t\t\t\t<\/div>\n\t\t\t\t<\/div>\n\t\t<div class=\"elementor-element elementor-element-7be40f2 e-con-full e-flex e-con e-child\" data-id=\"7be40f2\" data-element_type=\"container\">\n\t\t\t\t<div class=\"elementor-element elementor-element-4e0e2f6b elementor-widget-tablet__width-initial elementor-widget-mobile__width-inherit elementor-widget__width-initial elementor-position-top elementor-widget elementor-widget-image-box\" data-id=\"4e0e2f6b\" data-element_type=\"widget\" data-widget_type=\"image-box.default\">\n\t\t\t\t<div class=\"elementor-widget-container\">\n\t\t\t\t\t<div class=\"elementor-image-box-wrapper\"><figure class=\"elementor-image-box-img\"><a href=\"https:\/\/mindfulactionpathways.com\/es\/programs\/professional-development\/\" tabindex=\"-1\"><img fetchpriority=\"high\" decoding=\"async\" width=\"1900\" height=\"1267\" src=\"https:\/\/mindfulactionpathways.com\/wp-content\/uploads\/2024\/08\/professional-programmer-working-on-code-writing-2024-01-19-01-25-11-utc.jpg\" class=\"elementor-animation-grow attachment-full size-full wp-image-314\" alt=\"\" srcset=\"https:\/\/mindfulactionpathways.com\/wp-content\/uploads\/2024\/08\/professional-programmer-working-on-code-writing-2024-01-19-01-25-11-utc.jpg 1900w, https:\/\/mindfulactionpathways.com\/wp-content\/uploads\/2024\/08\/professional-programmer-working-on-code-writing-2024-01-19-01-25-11-utc-300x200.jpg 300w, https:\/\/mindfulactionpathways.com\/wp-content\/uploads\/2024\/08\/professional-programmer-working-on-code-writing-2024-01-19-01-25-11-utc-1024x683.jpg 1024w, https:\/\/mindfulactionpathways.com\/wp-content\/uploads\/2024\/08\/professional-programmer-working-on-code-writing-2024-01-19-01-25-11-utc-768x512.jpg 768w, https:\/\/mindfulactionpathways.com\/wp-content\/uploads\/2024\/08\/professional-programmer-working-on-code-writing-2024-01-19-01-25-11-utc-1536x1024.jpg 1536w\" sizes=\"(max-width: 1900px) 100vw, 1900px\" \/><\/a><\/figure><div class=\"elementor-image-box-content\"><h4 class=\"elementor-image-box-title\"><a href=\"https:\/\/mindfulactionpathways.com\/es\/programs\/professional-development\/\">Desarrollo Profesional<\/a><\/h4><p class=\"elementor-image-box-description\">En Mindful Action Pathways (MAPs), nuestro Programa de Desarrollo Profesional (PDP) est\u00e1 dise\u00f1ado para ayudarte a ser exitoso(a) en tu carrera proporcion\u00e1ndote herramientas y habilidades esenciales. <\/p><\/div><\/div>\t\t\t\t<\/div>\n\t\t\t\t<\/div>\n\t\t\t\t<div class=\"elementor-element elementor-element-650c5512 elementor-widget-tablet__width-initial elementor-widget-mobile__width-inherit elementor-widget__width-initial elementor-position-top elementor-widget elementor-widget-image-box\" data-id=\"650c5512\" data-element_type=\"widget\" data-widget_type=\"image-box.default\">\n\t\t\t\t<div class=\"elementor-widget-container\">\n\t\t\t\t\t<div class=\"elementor-image-box-wrapper\"><figure class=\"elementor-image-box-img\"><a href=\"https:\/\/mindfulactionpathways.com\/es\/programs\/technical-skills\/\" tabindex=\"-1\"><img decoding=\"async\" width=\"1125\" height=\"750\" src=\"https:\/\/mindfulactionpathways.com\/wp-content\/uploads\/2024\/08\/pexels-photo-4350217.jpeg\" class=\"elementor-animation-grow attachment-full size-full wp-image-358\" alt=\"\" srcset=\"https:\/\/mindfulactionpathways.com\/wp-content\/uploads\/2024\/08\/pexels-photo-4350217.jpeg 1125w, https:\/\/mindfulactionpathways.com\/wp-content\/uploads\/2024\/08\/pexels-photo-4350217-300x200.jpeg 300w, https:\/\/mindfulactionpathways.com\/wp-content\/uploads\/2024\/08\/pexels-photo-4350217-1024x683.jpeg 1024w, https:\/\/mindfulactionpathways.com\/wp-content\/uploads\/2024\/08\/pexels-photo-4350217-768x512.jpeg 768w\" sizes=\"(max-width: 1125px) 100vw, 1125px\" \/><\/a><\/figure><div class=\"elementor-image-box-content\"><h4 class=\"elementor-image-box-title\"><a href=\"https:\/\/mindfulactionpathways.com\/es\/programs\/technical-skills\/\">Habilidades T\u00e9cnicas<\/a><\/h4><p class=\"elementor-image-box-description\">En el mercado laboral actual, que evoluciona r\u00e1pidamente, es crucial comprender las habilidades t\u00e9cnicas necesarias. En MAPs, te ayudamos a navegar la gran variedad de programas de capacitaci\u00f3n disponibles para encontrar los que mejor se adapten a tus objetivos profesionales.<\/p><\/div><\/div>\t\t\t\t<\/div>\n\t\t\t\t<\/div>\n\t\t\t\t<div class=\"elementor-element elementor-element-27554800 elementor-widget-tablet__width-initial elementor-widget-mobile__width-inherit elementor-widget__width-initial elementor-position-top elementor-widget elementor-widget-image-box\" data-id=\"27554800\" data-element_type=\"widget\" data-widget_type=\"image-box.default\">\n\t\t\t\t<div class=\"elementor-widget-container\">\n\t\t\t\t\t<div class=\"elementor-image-box-wrapper\"><figure class=\"elementor-image-box-img\"><a href=\"https:\/\/mindfulactionpathways.com\/es\/programs\/communication-skills\/\" tabindex=\"-1\"><img decoding=\"async\" width=\"1124\" height=\"750\" src=\"https:\/\/mindfulactionpathways.com\/wp-content\/uploads\/2024\/07\/pexels-photo-935949.webp\" class=\"elementor-animation-grow attachment-full size-full wp-image-278\" alt=\"\" srcset=\"https:\/\/mindfulactionpathways.com\/wp-content\/uploads\/2024\/07\/pexels-photo-935949.webp 1124w, https:\/\/mindfulactionpathways.com\/wp-content\/uploads\/2024\/07\/pexels-photo-935949-300x200.webp 300w, https:\/\/mindfulactionpathways.com\/wp-content\/uploads\/2024\/07\/pexels-photo-935949-1024x683.webp 1024w, https:\/\/mindfulactionpathways.com\/wp-content\/uploads\/2024\/07\/pexels-photo-935949-768x512.webp 768w\" sizes=\"(max-width: 1124px) 100vw, 1124px\" \/><\/a><\/figure><div class=\"elementor-image-box-content\"><h4 class=\"elementor-image-box-title\"><a href=\"https:\/\/mindfulactionpathways.com\/es\/programs\/communication-skills\/\">Habilidades de Comunicaci\u00f3n<\/a><\/h4><p class=\"elementor-image-box-description\">En MAPs, a trav\u00e9s del Programa de Habilidades de Comunicaci\u00f3n (PHC) enfatizamos la escucha profunda y activa, el evitar hacer suposiciones, la importancia de ser claro en las interacciones, cumplir los compromisos y mostrar empat\u00eda.<\/p><\/div><\/div>\t\t\t\t<\/div>\n\t\t\t\t<\/div>\n\t\t\t\t<\/div>\n\t\t<div class=\"elementor-element elementor-element-91ae619 e-con-full e-flex e-con e-child\" data-id=\"91ae619\" data-element_type=\"container\">\n\t\t\t\t<div class=\"elementor-element elementor-element-2f3c65a elementor-widget-tablet__width-initial elementor-widget-mobile__width-inherit elementor-widget__width-initial elementor-position-top elementor-widget elementor-widget-image-box\" data-id=\"2f3c65a\" data-element_type=\"widget\" data-widget_type=\"image-box.default\">\n\t\t\t\t<div class=\"elementor-widget-container\">\n\t\t\t\t\t<div class=\"elementor-image-box-wrapper\"><figure class=\"elementor-image-box-img\"><a href=\"https:\/\/mindfulactionpathways.com\/es\/programs\/intercultural-communication\/\" tabindex=\"-1\"><img loading=\"lazy\" decoding=\"async\" width=\"1200\" height=\"768\" src=\"https:\/\/mindfulactionpathways.com\/wp-content\/uploads\/2024\/08\/young-programmers-working-on-a-new-project-for-a-s-2024-02-21-01-48-38-utc.jpg\" class=\"elementor-animation-grow attachment-full size-full wp-image-371\" alt=\"\" srcset=\"https:\/\/mindfulactionpathways.com\/wp-content\/uploads\/2024\/08\/young-programmers-working-on-a-new-project-for-a-s-2024-02-21-01-48-38-utc.jpg 1200w, https:\/\/mindfulactionpathways.com\/wp-content\/uploads\/2024\/08\/young-programmers-working-on-a-new-project-for-a-s-2024-02-21-01-48-38-utc-300x192.jpg 300w, https:\/\/mindfulactionpathways.com\/wp-content\/uploads\/2024\/08\/young-programmers-working-on-a-new-project-for-a-s-2024-02-21-01-48-38-utc-1024x655.jpg 1024w, https:\/\/mindfulactionpathways.com\/wp-content\/uploads\/2024\/08\/young-programmers-working-on-a-new-project-for-a-s-2024-02-21-01-48-38-utc-768x492.jpg 768w\" sizes=\"(max-width: 1200px) 100vw, 1200px\" \/><\/a><\/figure><div class=\"elementor-image-box-content\"><h4 class=\"elementor-image-box-title\"><a href=\"https:\/\/mindfulactionpathways.com\/es\/programs\/intercultural-communication\/\">Comunicaci\u00f3n Intercultural<\/a><\/h4><p class=\"elementor-image-box-description\">Adaptarse a un nuevo entorno cultural puede ser desafiante especialmente en lo relacionado con la comunicaci\u00f3n. En MAPs, te ayudamos como reci\u00e9n llegado a tu nuevo pa\u00eds, como Canad\u00e1, a adaptar tu estilo de comunicaci\u00f3n para que ajustarte a las normas sociales del pa\u00eds anfitri\u00f3n. <\/p><\/div><\/div>\t\t\t\t<\/div>\n\t\t\t\t<\/div>\n\t\t\t\t<div class=\"elementor-element elementor-element-652821b elementor-widget-tablet__width-initial elementor-widget-mobile__width-inherit elementor-widget__width-initial elementor-position-top elementor-widget elementor-widget-image-box\" data-id=\"652821b\" data-element_type=\"widget\" data-widget_type=\"image-box.default\">\n\t\t\t\t<div class=\"elementor-widget-container\">\n\t\t\t\t\t<div class=\"elementor-image-box-wrapper\"><figure class=\"elementor-image-box-img\"><a href=\"https:\/\/mindfulactionpathways.com\/es\/programs\/assertive-communication-and-authenticity\/\" tabindex=\"-1\"><img loading=\"lazy\" decoding=\"async\" width=\"1800\" height=\"1200\" src=\"https:\/\/mindfulactionpathways.com\/wp-content\/uploads\/2024\/07\/woman-having-coffee-smiling-e1678864722278.jpg\" class=\"elementor-animation-grow attachment-full size-full wp-image-261\" alt=\"\" srcset=\"https:\/\/mindfulactionpathways.com\/wp-content\/uploads\/2024\/07\/woman-having-coffee-smiling-e1678864722278.jpg 1800w, https:\/\/mindfulactionpathways.com\/wp-content\/uploads\/2024\/07\/woman-having-coffee-smiling-e1678864722278-300x200.jpg 300w, https:\/\/mindfulactionpathways.com\/wp-content\/uploads\/2024\/07\/woman-having-coffee-smiling-e1678864722278-1024x683.jpg 1024w, https:\/\/mindfulactionpathways.com\/wp-content\/uploads\/2024\/07\/woman-having-coffee-smiling-e1678864722278-768x512.jpg 768w, https:\/\/mindfulactionpathways.com\/wp-content\/uploads\/2024\/07\/woman-having-coffee-smiling-e1678864722278-1536x1024.jpg 1536w\" sizes=\"(max-width: 1800px) 100vw, 1800px\" \/><\/a><\/figure><div class=\"elementor-image-box-content\"><h4 class=\"elementor-image-box-title\"><a href=\"https:\/\/mindfulactionpathways.com\/es\/programs\/assertive-communication-and-authenticity\/\">Comunicaci\u00f3n Asertiva y Autenticidad<\/a><\/h4><p class=\"elementor-image-box-description\">A diferencia de nuestro Programa de Habilidades de Comunicaci\u00f3n (PHC), que se centra en los aspectos fundamentales de la comunicaci\u00f3n efectiva, el Programa de Comunicaci\u00f3n Asertiva y Autenticidad (PCAA) profundiza en tu expresi\u00f3n individual con seguridad en s\u00ed mismo(a) manera segura y genuina.<\/p><\/div><\/div>\t\t\t\t<\/div>\n\t\t\t\t<\/div>\n\t\t\t\t<\/div>\n\t\t\t\t\t<\/div>\n\t\t\t\t<\/div>\n\t\t\t\t<section class=\"elementor-section elementor-top-section elementor-element elementor-element-8fb4c9a elementor-section-boxed elementor-section-height-default elementor-section-height-default\" data-id=\"8fb4c9a\" data-element_type=\"section\" data-settings=\"{&quot;background_background&quot;:&quot;classic&quot;}\">\n\t\t\t\t\t\t\t<div class=\"elementor-background-overlay\"><\/div>\n\t\t\t\t\t\t\t<div class=\"elementor-container elementor-column-gap-no\">\n\t\t\t\t\t<div class=\"elementor-column elementor-col-100 elementor-top-column elementor-element elementor-element-2c86020\" data-id=\"2c86020\" data-element_type=\"column\">\n\t\t\t<div class=\"elementor-widget-wrap elementor-element-populated\">\n\t\t\t\t\t\t<div class=\"elementor-element elementor-element-ff0118b elementor-widget elementor-widget-heading\" data-id=\"ff0118b\" data-element_type=\"widget\" data-widget_type=\"heading.default\">\n\t\t\t\t<div class=\"elementor-widget-container\">\n\t\t\t\t\t<h2 class=\"elementor-heading-title elementor-size-default\">Convi\u00e9rtete en la mejor versi\u00f3n de ti mismo<\/h2>\t\t\t\t<\/div>\n\t\t\t\t<\/div>\n\t\t\t\t<div class=\"elementor-element elementor-element-6eb0cf7 elementor-widget elementor-widget-text-editor\" data-id=\"6eb0cf7\" data-element_type=\"widget\" data-widget_type=\"text-editor.default\">\n\t\t\t\t<div class=\"elementor-widget-container\">\n\t\t\t\t\t\t\t\t\tEstamos aqu\u00ed para ayudarte a alcanzar tus metas. Reg\u00edstrate para una consulta gratuita hoy para descubrir c\u00f3mo podemos ayudarte en tu viaje.\t\t\t\t\t\t\t\t<\/div>\n\t\t\t\t<\/div>\n\t\t\t\t<div class=\"elementor-element elementor-element-9216b80 elementor-widget elementor-widget-jkit_button\" data-id=\"9216b80\" data-element_type=\"widget\" data-widget_type=\"jkit_button.default\">\n\t\t\t\t<div class=\"elementor-widget-container\">\n\t\t\t\t\t<div  class=\"jeg-elementor-kit jkit-button  icon-position-after jeg_module___69d0e5b9226ae\" ><a href=\"https:\/\/mindfulactionpathways.com\/es\/contact-us\/\" class=\"jkit-button-wrapper\">Iniciar Consulta<i aria-hidden=\"true\" class=\"jki jki-arrow-up-right-line\"><\/i><\/a><\/div>\t\t\t\t<\/div>\n\t\t\t\t<\/div>\n\t\t\t\t\t<\/div>\n\t\t<\/div>\n\t\t\t\t\t<\/div>\n\t\t<\/section>\n\t\t\t\t<\/div>","protected":false},"excerpt":{"rendered":"<p>PROGRAMS Individual Services Professional Development Coaching At Mindful Action Pathways (MAPs), our Professional Development Program (PDP) is designed to help you thrive in your career by providing essential tools and skills. Technical Skills In today\u2019s rapidly evolving job market, understanding the technical skills required is crucial. At MAPs, we help you navigate the myriad of [&hellip;]<\/p>","protected":false},"author":1,"featured_media":0,"parent":0,"menu_order":0,"comment_status":"closed","ping_status":"closed","template":"","meta":{"footnotes":""},"class_list":["post-136","page","type-page","status-publish","hentry"],"yoast_head":"<!-- This site is optimized with the Yoast SEO plugin v24.8.1 - https:\/\/yoast.com\/wordpress\/plugins\/seo\/ -->\n<title>Programs - MAPs<\/title>\n<meta name=\"robots\" content=\"index, follow, max-snippet:-1, max-image-preview:large, max-video-preview:-1\" \/>\n<link rel=\"canonical\" href=\"https:\/\/mindfulactionpathways.com\/es\/programs\/\" \/>\n<meta property=\"og:locale\" content=\"es_ES\" \/>\n<meta property=\"og:type\" content=\"article\" \/>\n<meta property=\"og:title\" content=\"Programs - MAPs\" \/>\n<meta property=\"og:description\" content=\"PROGRAMS Individual Services Professional Development Coaching At Mindful Action Pathways (MAPs), our Professional Development Program (PDP) is designed to help you thrive in your career by providing essential tools and skills. Technical Skills In today\u2019s rapidly evolving job market, understanding the technical skills required is crucial. At MAPs, we help you navigate the myriad of [&hellip;]\" \/>\n<meta property=\"og:url\" content=\"https:\/\/mindfulactionpathways.com\/es\/programs\/\" \/>\n<meta property=\"og:site_name\" content=\"MAPs\" \/>\n<meta property=\"article:modified_time\" content=\"2024-10-05T13:04:33+00:00\" \/>\n<meta property=\"og:image\" content=\"https:\/\/mindfulactionpathways.com\/wp-content\/uploads\/2024\/08\/professional-programmer-working-on-code-writing-2024-01-19-01-25-11-utc.jpg\" \/>\n\t<meta property=\"og:image:width\" content=\"1900\" \/>\n\t<meta property=\"og:image:height\" content=\"1267\" \/>\n\t<meta property=\"og:image:type\" content=\"image\/jpeg\" \/>\n<meta name=\"twitter:card\" content=\"summary_large_image\" \/>\n<meta name=\"twitter:label1\" content=\"Tiempo de lectura\" \/>\n\t<meta name=\"twitter:data1\" content=\"1 minuto\" \/>\n<script type=\"application\/ld+json\" class=\"yoast-schema-graph\">{\"@context\":\"https:\/\/schema.org\",\"@graph\":[{\"@type\":\"WebPage\",\"@id\":\"https:\/\/mindfulactionpathways.com\/programs\/\",\"url\":\"https:\/\/mindfulactionpathways.com\/programs\/\",\"name\":\"Programs - MAPs\",\"isPartOf\":{\"@id\":\"https:\/\/mindfulactionpathways.com\/#website\"},\"primaryImageOfPage\":{\"@id\":\"https:\/\/mindfulactionpathways.com\/programs\/#primaryimage\"},\"image\":{\"@id\":\"https:\/\/mindfulactionpathways.com\/programs\/#primaryimage\"},\"thumbnailUrl\":\"https:\/\/mindfulactionpathways.com\/wp-content\/uploads\/2024\/08\/professional-programmer-working-on-code-writing-2024-01-19-01-25-11-utc.jpg\",\"datePublished\":\"2024-07-03T13:09:16+00:00\",\"dateModified\":\"2024-10-05T13:04:33+00:00\",\"breadcrumb\":{\"@id\":\"https:\/\/mindfulactionpathways.com\/programs\/#breadcrumb\"},\"inLanguage\":\"es-CO\",\"potentialAction\":[{\"@type\":\"ReadAction\",\"target\":[\"https:\/\/mindfulactionpathways.com\/programs\/\"]}]},{\"@type\":\"ImageObject\",\"inLanguage\":\"es-CO\",\"@id\":\"https:\/\/mindfulactionpathways.com\/programs\/#primaryimage\",\"url\":\"https:\/\/mindfulactionpathways.com\/wp-content\/uploads\/2024\/08\/professional-programmer-working-on-code-writing-2024-01-19-01-25-11-utc.jpg\",\"contentUrl\":\"https:\/\/mindfulactionpathways.com\/wp-content\/uploads\/2024\/08\/professional-programmer-working-on-code-writing-2024-01-19-01-25-11-utc.jpg\"},{\"@type\":\"BreadcrumbList\",\"@id\":\"https:\/\/mindfulactionpathways.com\/programs\/#breadcrumb\",\"itemListElement\":[{\"@type\":\"ListItem\",\"position\":1,\"name\":\"Home\",\"item\":\"https:\/\/mindfulactionpathways.com\/\"},{\"@type\":\"ListItem\",\"position\":2,\"name\":\"Programs\"}]},{\"@type\":\"WebSite\",\"@id\":\"https:\/\/mindfulactionpathways.com\/#website\",\"url\":\"https:\/\/mindfulactionpathways.com\/\",\"name\":\"MAPs\",\"description\":\"Mindful Action Pathways Coaching\",\"publisher\":{\"@id\":\"https:\/\/mindfulactionpathways.com\/#organization\"},\"potentialAction\":[{\"@type\":\"SearchAction\",\"target\":{\"@type\":\"EntryPoint\",\"urlTemplate\":\"https:\/\/mindfulactionpathways.com\/?s={search_term_string}\"},\"query-input\":{\"@type\":\"PropertyValueSpecification\",\"valueRequired\":true,\"valueName\":\"search_term_string\"}}],\"inLanguage\":\"es-CO\"},{\"@type\":\"Organization\",\"@id\":\"https:\/\/mindfulactionpathways.com\/#organization\",\"name\":\"Mindful Action Pathways\",\"url\":\"https:\/\/mindfulactionpathways.com\/\",\"logo\":{\"@type\":\"ImageObject\",\"inLanguage\":\"es-CO\",\"@id\":\"https:\/\/mindfulactionpathways.com\/#\/schema\/logo\/image\/\",\"url\":\"https:\/\/mindfulactionpathways.com\/wp-content\/uploads\/2024\/06\/Recurso-3Logo-main.png\",\"contentUrl\":\"https:\/\/mindfulactionpathways.com\/wp-content\/uploads\/2024\/06\/Recurso-3Logo-main.png\",\"width\":535,\"height\":164,\"caption\":\"Mindful Action Pathways\"},\"image\":{\"@id\":\"https:\/\/mindfulactionpathways.com\/#\/schema\/logo\/image\/\"},\"sameAs\":[\"https:\/\/www.instagram.com\/mindfulactionpathways\/\"]}]}<\/script>\n<!-- \/ Yoast SEO plugin. -->","yoast_head_json":{"title":"Programs - MAPs","robots":{"index":"index","follow":"follow","max-snippet":"max-snippet:-1","max-image-preview":"max-image-preview:large","max-video-preview":"max-video-preview:-1"},"canonical":"https:\/\/mindfulactionpathways.com\/es\/programs\/","og_locale":"es_ES","og_type":"article","og_title":"Programs - MAPs","og_description":"PROGRAMS Individual Services Professional Development Coaching At Mindful Action Pathways (MAPs), our Professional Development Program (PDP) is designed to help you thrive in your career by providing essential tools and skills. Technical Skills In today\u2019s rapidly evolving job market, understanding the technical skills required is crucial. At MAPs, we help you navigate the myriad of [&hellip;]","og_url":"https:\/\/mindfulactionpathways.com\/es\/programs\/","og_site_name":"MAPs","article_modified_time":"2024-10-05T13:04:33+00:00","og_image":[{"width":1900,"height":1267,"url":"https:\/\/mindfulactionpathways.com\/wp-content\/uploads\/2024\/08\/professional-programmer-working-on-code-writing-2024-01-19-01-25-11-utc.jpg","type":"image\/jpeg"}],"twitter_card":"summary_large_image","twitter_misc":{"Tiempo de lectura":"1 minuto"},"schema":{"@context":"https:\/\/schema.org","@graph":[{"@type":"WebPage","@id":"https:\/\/mindfulactionpathways.com\/programs\/","url":"https:\/\/mindfulactionpathways.com\/programs\/","name":"Programs - MAPs","isPartOf":{"@id":"https:\/\/mindfulactionpathways.com\/#website"},"primaryImageOfPage":{"@id":"https:\/\/mindfulactionpathways.com\/programs\/#primaryimage"},"image":{"@id":"https:\/\/mindfulactionpathways.com\/programs\/#primaryimage"},"thumbnailUrl":"https:\/\/mindfulactionpathways.com\/wp-content\/uploads\/2024\/08\/professional-programmer-working-on-code-writing-2024-01-19-01-25-11-utc.jpg","datePublished":"2024-07-03T13:09:16+00:00","dateModified":"2024-10-05T13:04:33+00:00","breadcrumb":{"@id":"https:\/\/mindfulactionpathways.com\/programs\/#breadcrumb"},"inLanguage":"es-CO","potentialAction":[{"@type":"ReadAction","target":["https:\/\/mindfulactionpathways.com\/programs\/"]}]},{"@type":"ImageObject","inLanguage":"es-CO","@id":"https:\/\/mindfulactionpathways.com\/programs\/#primaryimage","url":"https:\/\/mindfulactionpathways.com\/wp-content\/uploads\/2024\/08\/professional-programmer-working-on-code-writing-2024-01-19-01-25-11-utc.jpg","contentUrl":"https:\/\/mindfulactionpathways.com\/wp-content\/uploads\/2024\/08\/professional-programmer-working-on-code-writing-2024-01-19-01-25-11-utc.jpg"},{"@type":"BreadcrumbList","@id":"https:\/\/mindfulactionpathways.com\/programs\/#breadcrumb","itemListElement":[{"@type":"ListItem","position":1,"name":"Home","item":"https:\/\/mindfulactionpathways.com\/"},{"@type":"ListItem","position":2,"name":"Programs"}]},{"@type":"WebSite","@id":"https:\/\/mindfulactionpathways.com\/#website","url":"https:\/\/mindfulactionpathways.com\/","name":"MAPs","description":"Mindful Action Pathways Coaching","publisher":{"@id":"https:\/\/mindfulactionpathways.com\/#organization"},"potentialAction":[{"@type":"SearchAction","target":{"@type":"EntryPoint","urlTemplate":"https:\/\/mindfulactionpathways.com\/?s={search_term_string}"},"query-input":{"@type":"PropertyValueSpecification","valueRequired":true,"valueName":"search_term_string"}}],"inLanguage":"es-CO"},{"@type":"Organization","@id":"https:\/\/mindfulactionpathways.com\/#organization","name":"Mindful Action Pathways","url":"https:\/\/mindfulactionpathways.com\/","logo":{"@type":"ImageObject","inLanguage":"es-CO","@id":"https:\/\/mindfulactionpathways.com\/#\/schema\/logo\/image\/","url":"https:\/\/mindfulactionpathways.com\/wp-content\/uploads\/2024\/06\/Recurso-3Logo-main.png","contentUrl":"https:\/\/mindfulactionpathways.com\/wp-content\/uploads\/2024\/06\/Recurso-3Logo-main.png","width":535,"height":164,"caption":"Mindful Action Pathways"},"image":{"@id":"https:\/\/mindfulactionpathways.com\/#\/schema\/logo\/image\/"},"sameAs":["https:\/\/www.instagram.com\/mindfulactionpathways\/"]}]}},"_links":{"self":[{"href":"https:\/\/mindfulactionpathways.com\/es\/wp-json\/wp\/v2\/pages\/136","targetHints":{"allow":["GET"]}}],"collection":[{"href":"https:\/\/mindfulactionpathways.com\/es\/wp-json\/wp\/v2\/pages"}],"about":[{"href":"https:\/\/mindfulactionpathways.com\/es\/wp-json\/wp\/v2\/types\/page"}],"author":[{"embeddable":true,"href":"https:\/\/mindfulactionpathways.com\/es\/wp-json\/wp\/v2\/users\/1"}],"replies":[{"embeddable":true,"href":"https:\/\/mindfulactionpathways.com\/es\/wp-json\/wp\/v2\/comments?post=136"}],"version-history":[{"count":13,"href":"https:\/\/mindfulactionpathways.com\/es\/wp-json\/wp\/v2\/pages\/136\/revisions"}],"predecessor-version":[{"id":736,"href":"https:\/\/mindfulactionpathways.com\/es\/wp-json\/wp\/v2\/pages\/136\/revisions\/736"}],"wp:attachment":[{"href":"https:\/\/mindfulactionpathways.com\/es\/wp-json\/wp\/v2\/media?parent=136"}],"curies":[{"name":"wp","href":"https:\/\/api.w.org\/{rel}","templated":true}]}}