{"id":201,"date":"2024-07-10T16:12:55","date_gmt":"2024-07-10T16:12:55","guid":{"rendered":"https:\/\/mindfulactionpathways.com\/?page_id=201"},"modified":"2024-09-09T01:17:07","modified_gmt":"2024-09-09T01:17:07","slug":"consultations","status":"publish","type":"page","link":"https:\/\/mindfulactionpathways.com\/es\/consultations\/","title":{"rendered":"Consultas"},"content":{"rendered":"<div data-elementor-type=\"wp-page\" data-elementor-id=\"201\" class=\"elementor elementor-201\" data-elementor-post-type=\"page\">\n\t\t\t\t<div class=\"elementor-element elementor-element-2f649c72 e-flex e-con-boxed e-con e-parent\" data-id=\"2f649c72\" data-element_type=\"container\" data-settings=\"{&quot;background_background&quot;:&quot;classic&quot;}\">\n\t\t\t\t\t<div class=\"e-con-inner\">\n\t\t<div class=\"elementor-element elementor-element-46d55e2b e-con-full e-flex e-con e-child\" data-id=\"46d55e2b\" data-element_type=\"container\">\n\t\t\t\t<div class=\"elementor-element elementor-element-3160f0e7 elementor-widget elementor-widget-heading\" data-id=\"3160f0e7\" data-element_type=\"widget\" data-widget_type=\"heading.default\">\n\t\t\t\t<div class=\"elementor-widget-container\">\n\t\t\t\t\t<span class=\"elementor-heading-title elementor-size-default\">PROGRAMAS<\/span>\t\t\t\t<\/div>\n\t\t\t\t<\/div>\n\t\t\t\t<div class=\"elementor-element elementor-element-413fd4b1 elementor-widget elementor-widget-heading\" data-id=\"413fd4b1\" data-element_type=\"widget\" data-widget_type=\"heading.default\">\n\t\t\t\t<div class=\"elementor-widget-container\">\n\t\t\t\t\t<h1 class=\"elementor-heading-title elementor-size-default\">Consultas<\/h1>\t\t\t\t<\/div>\n\t\t\t\t<\/div>\n\t\t\t\t<div class=\"elementor-element elementor-element-1fdd52c elementor-widget-divider--view-line elementor-widget elementor-widget-divider\" data-id=\"1fdd52c\" data-element_type=\"widget\" data-widget_type=\"divider.default\">\n\t\t\t\t<div class=\"elementor-widget-container\">\n\t\t\t\t\t\t\t<div class=\"elementor-divider\">\n\t\t\t<span class=\"elementor-divider-separator\">\n\t\t\t\t\t\t<\/span>\n\t\t<\/div>\n\t\t\t\t\t\t<\/div>\n\t\t\t\t<\/div>\n\t\t\t\t<\/div>\n\t\t<div class=\"elementor-element elementor-element-32db43e2 e-con-full e-flex e-con e-child\" data-id=\"32db43e2\" data-element_type=\"container\">\n\t\t\t\t<div class=\"elementor-element elementor-element-2f435896 elementor-widget-tablet__width-initial elementor-widget-mobile__width-inherit elementor-widget__width-initial elementor-position-top elementor-widget elementor-widget-image-box\" data-id=\"2f435896\" data-element_type=\"widget\" data-widget_type=\"image-box.default\">\n\t\t\t\t<div class=\"elementor-widget-container\">\n\t\t\t\t\t<div class=\"elementor-image-box-wrapper\"><figure class=\"elementor-image-box-img\"><a href=\"https:\/\/mindfulactionpathways.com\/es\/consultations\/integration-into-the-canadian-job-market\/\" tabindex=\"-1\"><img fetchpriority=\"high\" decoding=\"async\" width=\"1800\" height=\"1201\" src=\"https:\/\/mindfulactionpathways.com\/wp-content\/uploads\/2024\/07\/two-business-partners-having-discussion-during-work-break-in-office.jpg\" class=\"elementor-animation-grow attachment-full size-full wp-image-260\" alt=\"\" srcset=\"https:\/\/mindfulactionpathways.com\/wp-content\/uploads\/2024\/07\/two-business-partners-having-discussion-during-work-break-in-office.jpg 1800w, https:\/\/mindfulactionpathways.com\/wp-content\/uploads\/2024\/07\/two-business-partners-having-discussion-during-work-break-in-office-300x200.jpg 300w, https:\/\/mindfulactionpathways.com\/wp-content\/uploads\/2024\/07\/two-business-partners-having-discussion-during-work-break-in-office-1024x683.jpg 1024w, https:\/\/mindfulactionpathways.com\/wp-content\/uploads\/2024\/07\/two-business-partners-having-discussion-during-work-break-in-office-768x512.jpg 768w, https:\/\/mindfulactionpathways.com\/wp-content\/uploads\/2024\/07\/two-business-partners-having-discussion-during-work-break-in-office-1536x1025.jpg 1536w\" sizes=\"(max-width: 1800px) 100vw, 1800px\" \/><\/a><\/figure><div class=\"elementor-image-box-content\"><h4 class=\"elementor-image-box-title\"><a href=\"https:\/\/mindfulactionpathways.com\/es\/consultations\/integration-into-the-canadian-job-market\/\">Integraci\u00f3n en el mercado laboral canadiense<\/a><\/h4><p class=\"elementor-image-box-description\">Te proporcionamos la informaci\u00f3n que necesitas para entender a cultura laboral canadiense, los est\u00e1ndares de empleo y los requisitos espec\u00edficos de la industria. Esto es fundamental para que puedas integrarte de la mejor forma posible a tu nuevo entorno. <\/p><\/div><\/div>\t\t\t\t<\/div>\n\t\t\t\t<\/div>\n\t\t\t\t<div class=\"elementor-element elementor-element-55f3d0de elementor-widget-tablet__width-initial elementor-widget-mobile__width-inherit elementor-widget__width-initial elementor-position-top elementor-widget elementor-widget-image-box\" data-id=\"55f3d0de\" data-element_type=\"widget\" data-widget_type=\"image-box.default\">\n\t\t\t\t<div class=\"elementor-widget-container\">\n\t\t\t\t\t<div class=\"elementor-image-box-wrapper\"><figure class=\"elementor-image-box-img\"><a href=\"https:\/\/mindfulactionpathways.com\/es\/consultations\/linkedin-profile-improvement-techniques\/\" tabindex=\"-1\"><img decoding=\"async\" width=\"1200\" height=\"800\" src=\"https:\/\/mindfulactionpathways.com\/wp-content\/uploads\/2024\/08\/smiling-teacher-in-classroom-with-students-working-2024-08-13-04-05-48-utc.jpg\" class=\"elementor-animation-grow attachment-full size-full wp-image-364\" alt=\"\" srcset=\"https:\/\/mindfulactionpathways.com\/wp-content\/uploads\/2024\/08\/smiling-teacher-in-classroom-with-students-working-2024-08-13-04-05-48-utc.jpg 1200w, https:\/\/mindfulactionpathways.com\/wp-content\/uploads\/2024\/08\/smiling-teacher-in-classroom-with-students-working-2024-08-13-04-05-48-utc-300x200.jpg 300w, https:\/\/mindfulactionpathways.com\/wp-content\/uploads\/2024\/08\/smiling-teacher-in-classroom-with-students-working-2024-08-13-04-05-48-utc-1024x683.jpg 1024w, https:\/\/mindfulactionpathways.com\/wp-content\/uploads\/2024\/08\/smiling-teacher-in-classroom-with-students-working-2024-08-13-04-05-48-utc-768x512.jpg 768w\" sizes=\"(max-width: 1200px) 100vw, 1200px\" \/><\/a><\/figure><div class=\"elementor-image-box-content\"><h4 class=\"elementor-image-box-title\"><a href=\"https:\/\/mindfulactionpathways.com\/es\/consultations\/linkedin-profile-improvement-techniques\/\">Mejora del Perfil de LinkedIn para el Mercado Laboral<\/a><\/h4><p class=\"elementor-image-box-description\">Contar con un perfil de LinkedIn destacado es crucial para llamar la atenci\u00f3n de posibles empleadores. Te ayudaremos a mejorar tu perfil de LinkedIn, asegur\u00e1ndonos de que refleje de la mejor manera tus habilidades y experiencia, y te haga resaltar ante los reclutadores y gerentes de contrataci\u00f3n.<\/p><\/div><\/div>\t\t\t\t<\/div>\n\t\t\t\t<\/div>\n\t\t\t\t<div class=\"elementor-element elementor-element-519cf8b3 elementor-widget-tablet__width-initial elementor-widget-mobile__width-inherit elementor-widget__width-initial elementor-position-top elementor-widget elementor-widget-image-box\" data-id=\"519cf8b3\" data-element_type=\"widget\" data-widget_type=\"image-box.default\">\n\t\t\t\t<div class=\"elementor-widget-container\">\n\t\t\t\t\t<div class=\"elementor-image-box-wrapper\"><figure class=\"elementor-image-box-img\"><a href=\"https:\/\/mindfulactionpathways.com\/es\/consultations\/interview-training\/\" tabindex=\"-1\"><img decoding=\"async\" width=\"2000\" height=\"1333\" src=\"https:\/\/mindfulactionpathways.com\/wp-content\/uploads\/2024\/07\/cheerful-business-coach-in-seminar.jpg\" class=\"elementor-animation-grow attachment-full size-full wp-image-172\" alt=\"\" srcset=\"https:\/\/mindfulactionpathways.com\/wp-content\/uploads\/2024\/07\/cheerful-business-coach-in-seminar.jpg 2000w, https:\/\/mindfulactionpathways.com\/wp-content\/uploads\/2024\/07\/cheerful-business-coach-in-seminar-300x200.jpg 300w, https:\/\/mindfulactionpathways.com\/wp-content\/uploads\/2024\/07\/cheerful-business-coach-in-seminar-1024x682.jpg 1024w, https:\/\/mindfulactionpathways.com\/wp-content\/uploads\/2024\/07\/cheerful-business-coach-in-seminar-768x512.jpg 768w, https:\/\/mindfulactionpathways.com\/wp-content\/uploads\/2024\/07\/cheerful-business-coach-in-seminar-1536x1024.jpg 1536w\" sizes=\"(max-width: 2000px) 100vw, 2000px\" \/><\/a><\/figure><div class=\"elementor-image-box-content\"><h4 class=\"elementor-image-box-title\"><a href=\"https:\/\/mindfulactionpathways.com\/es\/consultations\/interview-training\/\">Entrenamiento para Entrevistas<\/a><\/h4><p class=\"elementor-image-box-description\">Las entrevistas pueden ser estresantes, pero con la preparaci\u00f3n adecuada puedes sobresalir. Ofrecemos entrenamiento integral para entrevistas que te ayudar\u00e1 a presentarte con confianza y eficacia. En nuestro sitio, encontrar\u00e1s recursos y asesor\u00eda personalizada para dominar cada aspecto de la entrevista, desde la preparaci\u00f3n inicial hasta las respuestas a preguntas dif\u00edciles. Perm\u00edtenos ayudarte a causar una impresi\u00f3n duradera y asegurar esa posici\u00f3n que tanto deseas.<\/p><\/div><\/div>\t\t\t\t<\/div>\n\t\t\t\t<\/div>\n\t\t\t\t<\/div>\n\t\t<div class=\"elementor-element elementor-element-7ed306a6 e-con-full e-flex e-con e-child\" data-id=\"7ed306a6\" data-element_type=\"container\">\n\t\t\t\t<div class=\"elementor-element elementor-element-2164ad71 elementor-widget-tablet__width-initial elementor-widget-mobile__width-inherit elementor-widget__width-initial elementor-position-top elementor-widget elementor-widget-image-box\" data-id=\"2164ad71\" data-element_type=\"widget\" data-widget_type=\"image-box.default\">\n\t\t\t\t<div class=\"elementor-widget-container\">\n\t\t\t\t\t<div class=\"elementor-image-box-wrapper\"><figure class=\"elementor-image-box-img\"><a href=\"https:\/\/mindfulactionpathways.com\/es\/consultations\/networking-techniques\/\" tabindex=\"-1\"><img loading=\"lazy\" decoding=\"async\" width=\"1200\" height=\"800\" src=\"https:\/\/mindfulactionpathways.com\/wp-content\/uploads\/2024\/08\/discussing-working-moments-2023-11-27-05-23-00-utc.jpg\" class=\"elementor-animation-grow attachment-full size-full wp-image-355\" alt=\"\" srcset=\"https:\/\/mindfulactionpathways.com\/wp-content\/uploads\/2024\/08\/discussing-working-moments-2023-11-27-05-23-00-utc.jpg 1200w, https:\/\/mindfulactionpathways.com\/wp-content\/uploads\/2024\/08\/discussing-working-moments-2023-11-27-05-23-00-utc-300x200.jpg 300w, https:\/\/mindfulactionpathways.com\/wp-content\/uploads\/2024\/08\/discussing-working-moments-2023-11-27-05-23-00-utc-1024x683.jpg 1024w, https:\/\/mindfulactionpathways.com\/wp-content\/uploads\/2024\/08\/discussing-working-moments-2023-11-27-05-23-00-utc-768x512.jpg 768w\" sizes=\"(max-width: 1200px) 100vw, 1200px\" \/><\/a><\/figure><div class=\"elementor-image-box-content\"><h4 class=\"elementor-image-box-title\"><a href=\"https:\/\/mindfulactionpathways.com\/es\/consultations\/networking-techniques\/\">T\u00e9cnicas de Networking<\/a><\/h4><p class=\"elementor-image-box-description\">El networking efectivo es una habilidad vital para el desarrollo profesional. Te proporcionamos las t\u00e9cnicas que necesitas para construir y mantener relaciones profesionales de apoyo en tu b\u00fasqueda de empleo y crecimiento profesional.<\/p><\/div><\/div>\t\t\t\t<\/div>\n\t\t\t\t<\/div>\n\t\t\t\t<div class=\"elementor-element elementor-element-4bb52843 elementor-widget-tablet__width-initial elementor-widget-mobile__width-inherit elementor-widget__width-initial elementor-position-top elementor-widget elementor-widget-image-box\" data-id=\"4bb52843\" data-element_type=\"widget\" data-widget_type=\"image-box.default\">\n\t\t\t\t<div class=\"elementor-widget-container\">\n\t\t\t\t\t<div class=\"elementor-image-box-wrapper\"><figure class=\"elementor-image-box-img\"><a href=\"https:\/\/mindfulactionpathways.com\/es\/consultations\/resume-and-cover-letter-improvement-techniques\/\" tabindex=\"-1\"><img loading=\"lazy\" decoding=\"async\" width=\"1200\" height=\"800\" src=\"https:\/\/mindfulactionpathways.com\/wp-content\/uploads\/2024\/08\/smile-camera-and-portrait-of-a-photographer-worki-2023-11-27-04-51-19-utc.jpg\" class=\"elementor-animation-grow attachment-full size-full wp-image-363\" alt=\"\" srcset=\"https:\/\/mindfulactionpathways.com\/wp-content\/uploads\/2024\/08\/smile-camera-and-portrait-of-a-photographer-worki-2023-11-27-04-51-19-utc.jpg 1200w, https:\/\/mindfulactionpathways.com\/wp-content\/uploads\/2024\/08\/smile-camera-and-portrait-of-a-photographer-worki-2023-11-27-04-51-19-utc-300x200.jpg 300w, https:\/\/mindfulactionpathways.com\/wp-content\/uploads\/2024\/08\/smile-camera-and-portrait-of-a-photographer-worki-2023-11-27-04-51-19-utc-1024x683.jpg 1024w, https:\/\/mindfulactionpathways.com\/wp-content\/uploads\/2024\/08\/smile-camera-and-portrait-of-a-photographer-worki-2023-11-27-04-51-19-utc-768x512.jpg 768w\" sizes=\"(max-width: 1200px) 100vw, 1200px\" \/><\/a><\/figure><div class=\"elementor-image-box-content\"><h4 class=\"elementor-image-box-title\"><a href=\"https:\/\/mindfulactionpathways.com\/es\/consultations\/resume-and-cover-letter-improvement-techniques\/\">T\u00e9cnicas de Mejora de Curr\u00edculums y Cartas de Presentaci\u00f3n<\/a><\/h4><p class=\"elementor-image-box-description\">Un curr\u00edculum y una carta de presentaci\u00f3n bien elaborados son cruciales para causar una buena primera impresi\u00f3n. Te proporcionamos t\u00e9cnicas para mejorar estos documentos, asegurando que muestren eficazmente tus cualificaciones y te destaquen ante posibles empleadores.<\/p><\/div><\/div>\t\t\t\t<\/div>\n\t\t\t\t<\/div>\n\t\t\t\t<\/div>\n\t\t\t\t\t<\/div>\n\t\t\t\t<\/div>\n\t\t\t\t<section class=\"elementor-section elementor-top-section elementor-element elementor-element-707c78d7 elementor-section-boxed elementor-section-height-default elementor-section-height-default\" data-id=\"707c78d7\" data-element_type=\"section\" data-settings=\"{&quot;background_background&quot;:&quot;classic&quot;}\">\n\t\t\t\t\t\t\t<div class=\"elementor-background-overlay\"><\/div>\n\t\t\t\t\t\t\t<div class=\"elementor-container elementor-column-gap-no\">\n\t\t\t\t\t<div class=\"elementor-column elementor-col-100 elementor-top-column elementor-element elementor-element-2c3b2300\" data-id=\"2c3b2300\" data-element_type=\"column\">\n\t\t\t<div class=\"elementor-widget-wrap elementor-element-populated\">\n\t\t\t\t\t\t<div class=\"elementor-element elementor-element-26409c0e elementor-widget elementor-widget-heading\" data-id=\"26409c0e\" data-element_type=\"widget\" data-widget_type=\"heading.default\">\n\t\t\t\t<div class=\"elementor-widget-container\">\n\t\t\t\t\t<h2 class=\"elementor-heading-title elementor-size-default\">Convi\u00e9rtete en la mejor versi\u00f3n de ti mismo<\/h2>\t\t\t\t<\/div>\n\t\t\t\t<\/div>\n\t\t\t\t<div class=\"elementor-element elementor-element-4ac8d66f elementor-widget elementor-widget-text-editor\" data-id=\"4ac8d66f\" data-element_type=\"widget\" data-widget_type=\"text-editor.default\">\n\t\t\t\t<div class=\"elementor-widget-container\">\n\t\t\t\t\t\t\t\t\tEstamos aqu\u00ed para ayudarte a alcanzar tus metas. Reg\u00edstrate para una consulta gratuita hoy para descubrir c\u00f3mo podemos ayudarte en tu viaje.\t\t\t\t\t\t\t\t<\/div>\n\t\t\t\t<\/div>\n\t\t\t\t<div class=\"elementor-element elementor-element-1eb48127 elementor-widget elementor-widget-jkit_button\" data-id=\"1eb48127\" data-element_type=\"widget\" data-widget_type=\"jkit_button.default\">\n\t\t\t\t<div class=\"elementor-widget-container\">\n\t\t\t\t\t<div  class=\"jeg-elementor-kit jkit-button  icon-position-after jeg_module___69d0d6d8c75e1\" ><a href=\"\" class=\"jkit-button-wrapper\">Iniciar Consulta<i aria-hidden=\"true\" class=\"jki jki-arrow-up-right-line\"><\/i><\/a><\/div>\t\t\t\t<\/div>\n\t\t\t\t<\/div>\n\t\t\t\t\t<\/div>\n\t\t<\/div>\n\t\t\t\t\t<\/div>\n\t\t<\/section>\n\t\t\t\t<\/div>","protected":false},"excerpt":{"rendered":"<p>PROGRAMS Consultations Integration into the Canadian job market We provide you with insights into the Canadian work culture, employment standards, and industry-specific requirements. LinkedIn Profile Improvement job market A strong LinkedIn profile is essential for making a positive impression on potential employers. At MAPs, we offer techniques to enhance your LinkedIn profile, making it stand [&hellip;]<\/p>","protected":false},"author":1,"featured_media":0,"parent":0,"menu_order":0,"comment_status":"closed","ping_status":"closed","template":"","meta":{"footnotes":""},"class_list":["post-201","page","type-page","status-publish","hentry"],"yoast_head":"<!-- This site is optimized with the Yoast SEO plugin v24.8.1 - https:\/\/yoast.com\/wordpress\/plugins\/seo\/ -->\n<title>Consultations - MAPs<\/title>\n<meta name=\"robots\" content=\"index, follow, max-snippet:-1, max-image-preview:large, max-video-preview:-1\" \/>\n<link rel=\"canonical\" href=\"https:\/\/mindfulactionpathways.com\/es\/consultations\/\" \/>\n<meta property=\"og:locale\" content=\"es_ES\" \/>\n<meta property=\"og:type\" content=\"article\" \/>\n<meta property=\"og:title\" content=\"Consultations - MAPs\" \/>\n<meta property=\"og:description\" content=\"PROGRAMS Consultations Integration into the Canadian job market We provide you with insights into the Canadian work culture, employment standards, and industry-specific requirements. LinkedIn Profile Improvement job market A strong LinkedIn profile is essential for making a positive impression on potential employers. At MAPs, we offer techniques to enhance your LinkedIn profile, making it stand [&hellip;]\" \/>\n<meta property=\"og:url\" content=\"https:\/\/mindfulactionpathways.com\/es\/consultations\/\" \/>\n<meta property=\"og:site_name\" content=\"MAPs\" \/>\n<meta property=\"article:modified_time\" content=\"2024-09-09T01:17:07+00:00\" \/>\n<meta property=\"og:image\" content=\"https:\/\/mindfulactionpathways.com\/wp-content\/uploads\/2024\/07\/two-business-partners-having-discussion-during-work-break-in-office.jpg\" \/>\n\t<meta property=\"og:image:width\" content=\"1800\" \/>\n\t<meta property=\"og:image:height\" content=\"1201\" \/>\n\t<meta property=\"og:image:type\" content=\"image\/jpeg\" \/>\n<meta name=\"twitter:card\" content=\"summary_large_image\" \/>\n<meta name=\"twitter:label1\" content=\"Tiempo de lectura\" \/>\n\t<meta name=\"twitter:data1\" content=\"1 minuto\" \/>\n<script type=\"application\/ld+json\" class=\"yoast-schema-graph\">{\"@context\":\"https:\/\/schema.org\",\"@graph\":[{\"@type\":\"WebPage\",\"@id\":\"https:\/\/mindfulactionpathways.com\/consultations\/\",\"url\":\"https:\/\/mindfulactionpathways.com\/consultations\/\",\"name\":\"Consultations - MAPs\",\"isPartOf\":{\"@id\":\"https:\/\/mindfulactionpathways.com\/#website\"},\"primaryImageOfPage\":{\"@id\":\"https:\/\/mindfulactionpathways.com\/consultations\/#primaryimage\"},\"image\":{\"@id\":\"https:\/\/mindfulactionpathways.com\/consultations\/#primaryimage\"},\"thumbnailUrl\":\"https:\/\/mindfulactionpathways.com\/wp-content\/uploads\/2024\/07\/two-business-partners-having-discussion-during-work-break-in-office.jpg\",\"datePublished\":\"2024-07-10T16:12:55+00:00\",\"dateModified\":\"2024-09-09T01:17:07+00:00\",\"breadcrumb\":{\"@id\":\"https:\/\/mindfulactionpathways.com\/consultations\/#breadcrumb\"},\"inLanguage\":\"es-CO\",\"potentialAction\":[{\"@type\":\"ReadAction\",\"target\":[\"https:\/\/mindfulactionpathways.com\/consultations\/\"]}]},{\"@type\":\"ImageObject\",\"inLanguage\":\"es-CO\",\"@id\":\"https:\/\/mindfulactionpathways.com\/consultations\/#primaryimage\",\"url\":\"https:\/\/mindfulactionpathways.com\/wp-content\/uploads\/2024\/07\/two-business-partners-having-discussion-during-work-break-in-office.jpg\",\"contentUrl\":\"https:\/\/mindfulactionpathways.com\/wp-content\/uploads\/2024\/07\/two-business-partners-having-discussion-during-work-break-in-office.jpg\"},{\"@type\":\"BreadcrumbList\",\"@id\":\"https:\/\/mindfulactionpathways.com\/consultations\/#breadcrumb\",\"itemListElement\":[{\"@type\":\"ListItem\",\"position\":1,\"name\":\"Home\",\"item\":\"https:\/\/mindfulactionpathways.com\/\"},{\"@type\":\"ListItem\",\"position\":2,\"name\":\"Consultations\"}]},{\"@type\":\"WebSite\",\"@id\":\"https:\/\/mindfulactionpathways.com\/#website\",\"url\":\"https:\/\/mindfulactionpathways.com\/\",\"name\":\"MAPs\",\"description\":\"Mindful Action Pathways Coaching\",\"publisher\":{\"@id\":\"https:\/\/mindfulactionpathways.com\/#organization\"},\"potentialAction\":[{\"@type\":\"SearchAction\",\"target\":{\"@type\":\"EntryPoint\",\"urlTemplate\":\"https:\/\/mindfulactionpathways.com\/?s={search_term_string}\"},\"query-input\":{\"@type\":\"PropertyValueSpecification\",\"valueRequired\":true,\"valueName\":\"search_term_string\"}}],\"inLanguage\":\"es-CO\"},{\"@type\":\"Organization\",\"@id\":\"https:\/\/mindfulactionpathways.com\/#organization\",\"name\":\"Mindful Action Pathways\",\"url\":\"https:\/\/mindfulactionpathways.com\/\",\"logo\":{\"@type\":\"ImageObject\",\"inLanguage\":\"es-CO\",\"@id\":\"https:\/\/mindfulactionpathways.com\/#\/schema\/logo\/image\/\",\"url\":\"https:\/\/mindfulactionpathways.com\/wp-content\/uploads\/2024\/06\/Recurso-3Logo-main.png\",\"contentUrl\":\"https:\/\/mindfulactionpathways.com\/wp-content\/uploads\/2024\/06\/Recurso-3Logo-main.png\",\"width\":535,\"height\":164,\"caption\":\"Mindful Action Pathways\"},\"image\":{\"@id\":\"https:\/\/mindfulactionpathways.com\/#\/schema\/logo\/image\/\"},\"sameAs\":[\"https:\/\/www.instagram.com\/mindfulactionpathways\/\"]}]}<\/script>\n<!-- \/ Yoast SEO plugin. -->","yoast_head_json":{"title":"Consultations - MAPs","robots":{"index":"index","follow":"follow","max-snippet":"max-snippet:-1","max-image-preview":"max-image-preview:large","max-video-preview":"max-video-preview:-1"},"canonical":"https:\/\/mindfulactionpathways.com\/es\/consultations\/","og_locale":"es_ES","og_type":"article","og_title":"Consultations - MAPs","og_description":"PROGRAMS Consultations Integration into the Canadian job market We provide you with insights into the Canadian work culture, employment standards, and industry-specific requirements. LinkedIn Profile Improvement job market A strong LinkedIn profile is essential for making a positive impression on potential employers. At MAPs, we offer techniques to enhance your LinkedIn profile, making it stand [&hellip;]","og_url":"https:\/\/mindfulactionpathways.com\/es\/consultations\/","og_site_name":"MAPs","article_modified_time":"2024-09-09T01:17:07+00:00","og_image":[{"width":1800,"height":1201,"url":"https:\/\/mindfulactionpathways.com\/wp-content\/uploads\/2024\/07\/two-business-partners-having-discussion-during-work-break-in-office.jpg","type":"image\/jpeg"}],"twitter_card":"summary_large_image","twitter_misc":{"Tiempo de lectura":"1 minuto"},"schema":{"@context":"https:\/\/schema.org","@graph":[{"@type":"WebPage","@id":"https:\/\/mindfulactionpathways.com\/consultations\/","url":"https:\/\/mindfulactionpathways.com\/consultations\/","name":"Consultations - MAPs","isPartOf":{"@id":"https:\/\/mindfulactionpathways.com\/#website"},"primaryImageOfPage":{"@id":"https:\/\/mindfulactionpathways.com\/consultations\/#primaryimage"},"image":{"@id":"https:\/\/mindfulactionpathways.com\/consultations\/#primaryimage"},"thumbnailUrl":"https:\/\/mindfulactionpathways.com\/wp-content\/uploads\/2024\/07\/two-business-partners-having-discussion-during-work-break-in-office.jpg","datePublished":"2024-07-10T16:12:55+00:00","dateModified":"2024-09-09T01:17:07+00:00","breadcrumb":{"@id":"https:\/\/mindfulactionpathways.com\/consultations\/#breadcrumb"},"inLanguage":"es-CO","potentialAction":[{"@type":"ReadAction","target":["https:\/\/mindfulactionpathways.com\/consultations\/"]}]},{"@type":"ImageObject","inLanguage":"es-CO","@id":"https:\/\/mindfulactionpathways.com\/consultations\/#primaryimage","url":"https:\/\/mindfulactionpathways.com\/wp-content\/uploads\/2024\/07\/two-business-partners-having-discussion-during-work-break-in-office.jpg","contentUrl":"https:\/\/mindfulactionpathways.com\/wp-content\/uploads\/2024\/07\/two-business-partners-having-discussion-during-work-break-in-office.jpg"},{"@type":"BreadcrumbList","@id":"https:\/\/mindfulactionpathways.com\/consultations\/#breadcrumb","itemListElement":[{"@type":"ListItem","position":1,"name":"Home","item":"https:\/\/mindfulactionpathways.com\/"},{"@type":"ListItem","position":2,"name":"Consultations"}]},{"@type":"WebSite","@id":"https:\/\/mindfulactionpathways.com\/#website","url":"https:\/\/mindfulactionpathways.com\/","name":"MAPs","description":"Mindful Action Pathways Coaching","publisher":{"@id":"https:\/\/mindfulactionpathways.com\/#organization"},"potentialAction":[{"@type":"SearchAction","target":{"@type":"EntryPoint","urlTemplate":"https:\/\/mindfulactionpathways.com\/?s={search_term_string}"},"query-input":{"@type":"PropertyValueSpecification","valueRequired":true,"valueName":"search_term_string"}}],"inLanguage":"es-CO"},{"@type":"Organization","@id":"https:\/\/mindfulactionpathways.com\/#organization","name":"Mindful Action Pathways","url":"https:\/\/mindfulactionpathways.com\/","logo":{"@type":"ImageObject","inLanguage":"es-CO","@id":"https:\/\/mindfulactionpathways.com\/#\/schema\/logo\/image\/","url":"https:\/\/mindfulactionpathways.com\/wp-content\/uploads\/2024\/06\/Recurso-3Logo-main.png","contentUrl":"https:\/\/mindfulactionpathways.com\/wp-content\/uploads\/2024\/06\/Recurso-3Logo-main.png","width":535,"height":164,"caption":"Mindful Action Pathways"},"image":{"@id":"https:\/\/mindfulactionpathways.com\/#\/schema\/logo\/image\/"},"sameAs":["https:\/\/www.instagram.com\/mindfulactionpathways\/"]}]}},"_links":{"self":[{"href":"https:\/\/mindfulactionpathways.com\/es\/wp-json\/wp\/v2\/pages\/201","targetHints":{"allow":["GET"]}}],"collection":[{"href":"https:\/\/mindfulactionpathways.com\/es\/wp-json\/wp\/v2\/pages"}],"about":[{"href":"https:\/\/mindfulactionpathways.com\/es\/wp-json\/wp\/v2\/types\/page"}],"author":[{"embeddable":true,"href":"https:\/\/mindfulactionpathways.com\/es\/wp-json\/wp\/v2\/users\/1"}],"replies":[{"embeddable":true,"href":"https:\/\/mindfulactionpathways.com\/es\/wp-json\/wp\/v2\/comments?post=201"}],"version-history":[{"count":7,"href":"https:\/\/mindfulactionpathways.com\/es\/wp-json\/wp\/v2\/pages\/201\/revisions"}],"predecessor-version":[{"id":532,"href":"https:\/\/mindfulactionpathways.com\/es\/wp-json\/wp\/v2\/pages\/201\/revisions\/532"}],"wp:attachment":[{"href":"https:\/\/mindfulactionpathways.com\/es\/wp-json\/wp\/v2\/media?parent=201"}],"curies":[{"name":"wp","href":"https:\/\/api.w.org\/{rel}","templated":true}]}}